{"id":741,"date":"2020-07-02T16:02:56","date_gmt":"2020-07-03T08:30:44","guid":{"rendered":"https:\/\/www.proteccionred.com\/product\/kit-4rt\/"},"modified":"2020-07-03T08:39:49","modified_gmt":"2020-07-03T08:39:49","slug":"kit-4o-2","status":"publish","type":"product","link":"https:\/\/www.proteccionred.com\/ca\/producte\/kit-4o-2\/","title":{"rendered":"Kit 4rt"},"content":{"rendered":"<p><strong>Detalls del producte<\/strong><\/p>\n<p>Xarxa de 220 cm. x 150 cm. m\u00e9s el marge.<br \/>\nS&#8217;adapta a 210 cm. x 140 cm. i a 200 cm. x 150 cm. o a qualsevol mesura inferior.<br \/>\nMesura m\u00e0xima de per\u00edmetre 2,80 mts.<\/p>\n<p><strong>El Kit cont\u00e9:<\/strong><\/p>\n<p>Xarxa mono filament de poliamida amb filtre solar, doble nus i 0,6 mm. i quadres de 4&#215;4 cm.<br \/>\n12 perfiles d&#8217;alumini anoditzat amb asseguradors expansius, c\/u 70 cm. de llarg.<br \/>\nTacs fischer i caragols zincats.<br \/>\nManual d&#8217;instruccions.<\/p>\n","protected":false},"excerpt":{"rendered":"<p>Detalls del producte Xarxa de 220 cm. x 150 cm. m\u00e9s el marge. S&#8217;adapta a 210 cm. x 140 cm. i a 200 cm. x 150 cm. o a qualsevol mesura inferior. Mesura m\u00e0xima de per\u00edmetre 2,80 mts. El Kit cont\u00e9: Xarxa mono filament de poliamida amb filtre solar, doble nus i 0,6 mm. i [&hellip;]<\/p>\n","protected":false},"featured_media":1280,"template":"","meta":{"site-sidebar-layout":"default","site-content-layout":"default","ast-site-content-layout":"default","site-content-style":"default","site-sidebar-style":"default","ast-global-header-display":"","ast-banner-title-visibility":"","ast-main-header-display":"","ast-hfb-above-header-display":"","ast-hfb-below-header-display":"","ast-hfb-mobile-header-display":"","site-post-title":"","ast-breadcrumbs-content":"","ast-featured-img":"","footer-sml-layout":"","theme-transparent-header-meta":"default","adv-header-id-meta":"","stick-header-meta":"","header-above-stick-meta":"","header-main-stick-meta":"","header-below-stick-meta":"","astra-migrate-meta-layouts":"default","ast-page-background-enabled":"default","ast-page-background-meta":{"desktop":{"background-color":"","background-image":"","background-repeat":"repeat","background-position":"center center","background-size":"auto","background-attachment":"scroll","background-type":"","background-media":"","overlay-type":"","overlay-color":"","overlay-opacity":"","overlay-gradient":""},"tablet":{"background-color":"","background-image":"","background-repeat":"repeat","background-position":"center center","background-size":"auto","background-attachment":"scroll","background-type":"","background-media":"","overlay-type":"","overlay-color":"","overlay-opacity":"","overlay-gradient":""},"mobile":{"background-color":"","background-image":"","background-repeat":"repeat","background-position":"center center","background-size":"auto","background-attachment":"scroll","background-type":"","background-media":"","overlay-type":"","overlay-color":"","overlay-opacity":"","overlay-gradient":""}},"ast-content-background-meta":{"desktop":{"background-color":"var(--ast-global-color-5)","background-image":"","background-repeat":"repeat","background-position":"center center","background-size":"auto","background-attachment":"scroll","background-type":"","background-media":"","overlay-type":"","overlay-color":"","overlay-opacity":"","overlay-gradient":""},"tablet":{"background-color":"var(--ast-global-color-5)","background-image":"","background-repeat":"repeat","background-position":"center center","background-size":"auto","background-attachment":"scroll","background-type":"","background-media":"","overlay-type":"","overlay-color":"","overlay-opacity":"","overlay-gradient":""},"mobile":{"background-color":"var(--ast-global-color-5)","background-image":"","background-repeat":"repeat","background-position":"center center","background-size":"auto","background-attachment":"scroll","background-type":"","background-media":"","overlay-type":"","overlay-color":"","overlay-opacity":"","overlay-gradient":""}},"_joinchat":[]},"product_brand":[],"product_cat":[32],"product_tag":[],"class_list":{"0":"post-741","1":"product","2":"type-product","3":"status-publish","4":"has-post-thumbnail","6":"product_cat-kits-gats","7":"desktop-align-left","8":"tablet-align-left","9":"mobile-align-left","11":"first","12":"instock","13":"taxable","14":"shipping-taxable","15":"purchasable","16":"product-type-simple"},"yoast_head":"<!-- This site is optimized with the Yoast SEO plugin v25.9 - https:\/\/yoast.com\/wordpress\/plugins\/seo\/ -->\n<title>Kit 4rt - Protecci\u00f3n Red<\/title>\n<meta name=\"robots\" content=\"index, follow, max-snippet:-1, max-image-preview:large, max-video-preview:-1\" \/>\n<link rel=\"canonical\" href=\"https:\/\/www.proteccionred.com\/ca\/producte\/kit-4o-2\/\" \/>\n<meta property=\"og:locale\" content=\"ca_ES\" \/>\n<meta property=\"og:type\" content=\"article\" \/>\n<meta property=\"og:title\" content=\"Kit 4rt - Protecci\u00f3n Red\" \/>\n<meta property=\"og:description\" content=\"Detalls del producte Xarxa de 220 cm. x 150 cm. m\u00e9s el marge. S&#8217;adapta a 210 cm. x 140 cm. i a 200 cm. x 150 cm. o a qualsevol mesura inferior. Mesura m\u00e0xima de per\u00edmetre 2,80 mts. El Kit cont\u00e9: Xarxa mono filament de poliamida amb filtre solar, doble nus i 0,6 mm. i [&hellip;]\" \/>\n<meta property=\"og:url\" content=\"https:\/\/www.proteccionred.com\/ca\/producte\/kit-4o-2\/\" \/>\n<meta property=\"og:site_name\" content=\"Protecci\u00f3n Red\" \/>\n<meta property=\"article:modified_time\" content=\"2020-07-03T08:39:49+00:00\" \/>\n<meta property=\"og:image\" content=\"https:\/\/www.proteccionred.com\/wp-content\/uploads\/2020\/06\/PRINCIPAL-4.jpg\" \/>\n\t<meta property=\"og:image:width\" content=\"793\" \/>\n\t<meta property=\"og:image:height\" content=\"793\" \/>\n\t<meta property=\"og:image:type\" content=\"image\/jpeg\" \/>\n<meta name=\"twitter:card\" content=\"summary_large_image\" \/>\n<script type=\"application\/ld+json\" class=\"yoast-schema-graph\">{\"@context\":\"https:\/\/schema.org\",\"@graph\":[{\"@type\":\"WebPage\",\"@id\":\"https:\/\/www.proteccionred.com\/ca\/producte\/kit-4o-2\/\",\"url\":\"https:\/\/www.proteccionred.com\/ca\/producte\/kit-4o-2\/\",\"name\":\"Kit 4rt - Protecci\u00f3n Red\",\"isPartOf\":{\"@id\":\"https:\/\/www.proteccionred.com\/#website\"},\"primaryImageOfPage\":{\"@id\":\"https:\/\/www.proteccionred.com\/ca\/producte\/kit-4o-2\/#primaryimage\"},\"image\":{\"@id\":\"https:\/\/www.proteccionred.com\/ca\/producte\/kit-4o-2\/#primaryimage\"},\"thumbnailUrl\":\"https:\/\/www.proteccionred.com\/wp-content\/uploads\/2020\/06\/PRINCIPAL-4.jpg\",\"datePublished\":\"2020-07-03T08:30:44+00:00\",\"dateModified\":\"2020-07-03T08:39:49+00:00\",\"breadcrumb\":{\"@id\":\"https:\/\/www.proteccionred.com\/ca\/producte\/kit-4o-2\/#breadcrumb\"},\"inLanguage\":\"ca\",\"potentialAction\":[{\"@type\":\"ReadAction\",\"target\":[\"https:\/\/www.proteccionred.com\/ca\/producte\/kit-4o-2\/\"]}]},{\"@type\":\"ImageObject\",\"inLanguage\":\"ca\",\"@id\":\"https:\/\/www.proteccionred.com\/ca\/producte\/kit-4o-2\/#primaryimage\",\"url\":\"https:\/\/www.proteccionred.com\/wp-content\/uploads\/2020\/06\/PRINCIPAL-4.jpg\",\"contentUrl\":\"https:\/\/www.proteccionred.com\/wp-content\/uploads\/2020\/06\/PRINCIPAL-4.jpg\",\"width\":793,\"height\":793},{\"@type\":\"BreadcrumbList\",\"@id\":\"https:\/\/www.proteccionred.com\/ca\/producte\/kit-4o-2\/#breadcrumb\",\"itemListElement\":[{\"@type\":\"ListItem\",\"position\":1,\"name\":\"Portada\",\"item\":\"https:\/\/www.proteccionred.com\/ca\/\"},{\"@type\":\"ListItem\",\"position\":2,\"name\":\"Tienda\",\"item\":\"https:\/\/www.proteccionred.com\/tienda\/\"},{\"@type\":\"ListItem\",\"position\":3,\"name\":\"Kit 4rt\"}]},{\"@type\":\"WebSite\",\"@id\":\"https:\/\/www.proteccionred.com\/#website\",\"url\":\"https:\/\/www.proteccionred.com\/\",\"name\":\"Protecci\u00f3n Red\",\"description\":\"\",\"publisher\":{\"@id\":\"https:\/\/www.proteccionred.com\/#organization\"},\"potentialAction\":[{\"@type\":\"SearchAction\",\"target\":{\"@type\":\"EntryPoint\",\"urlTemplate\":\"https:\/\/www.proteccionred.com\/?s={search_term_string}\"},\"query-input\":{\"@type\":\"PropertyValueSpecification\",\"valueRequired\":true,\"valueName\":\"search_term_string\"}}],\"inLanguage\":\"ca\"},{\"@type\":\"Organization\",\"@id\":\"https:\/\/www.proteccionred.com\/#organization\",\"name\":\"Protecci\u00f3n Red\",\"url\":\"https:\/\/www.proteccionred.com\/\",\"logo\":{\"@type\":\"ImageObject\",\"inLanguage\":\"ca\",\"@id\":\"https:\/\/www.proteccionred.com\/#\/schema\/logo\/image\/\",\"url\":\"https:\/\/www.proteccionred.com\/wp-content\/uploads\/2020\/05\/cropped-logo-header.png\",\"contentUrl\":\"https:\/\/www.proteccionred.com\/wp-content\/uploads\/2020\/05\/cropped-logo-header.png\",\"width\":307,\"height\":57,\"caption\":\"Protecci\u00f3n Red\"},\"image\":{\"@id\":\"https:\/\/www.proteccionred.com\/#\/schema\/logo\/image\/\"}}]}<\/script>\n<!-- \/ Yoast SEO plugin. -->","yoast_head_json":{"title":"Kit 4rt - Protecci\u00f3n Red","robots":{"index":"index","follow":"follow","max-snippet":"max-snippet:-1","max-image-preview":"max-image-preview:large","max-video-preview":"max-video-preview:-1"},"canonical":"https:\/\/www.proteccionred.com\/ca\/producte\/kit-4o-2\/","og_locale":"ca_ES","og_type":"article","og_title":"Kit 4rt - Protecci\u00f3n Red","og_description":"Detalls del producte Xarxa de 220 cm. x 150 cm. m\u00e9s el marge. S&#8217;adapta a 210 cm. x 140 cm. i a 200 cm. x 150 cm. o a qualsevol mesura inferior. Mesura m\u00e0xima de per\u00edmetre 2,80 mts. El Kit cont\u00e9: Xarxa mono filament de poliamida amb filtre solar, doble nus i 0,6 mm. i [&hellip;]","og_url":"https:\/\/www.proteccionred.com\/ca\/producte\/kit-4o-2\/","og_site_name":"Protecci\u00f3n Red","article_modified_time":"2020-07-03T08:39:49+00:00","og_image":[{"width":793,"height":793,"url":"https:\/\/www.proteccionred.com\/wp-content\/uploads\/2020\/06\/PRINCIPAL-4.jpg","type":"image\/jpeg"}],"twitter_card":"summary_large_image","schema":{"@context":"https:\/\/schema.org","@graph":[{"@type":"WebPage","@id":"https:\/\/www.proteccionred.com\/ca\/producte\/kit-4o-2\/","url":"https:\/\/www.proteccionred.com\/ca\/producte\/kit-4o-2\/","name":"Kit 4rt - Protecci\u00f3n Red","isPartOf":{"@id":"https:\/\/www.proteccionred.com\/#website"},"primaryImageOfPage":{"@id":"https:\/\/www.proteccionred.com\/ca\/producte\/kit-4o-2\/#primaryimage"},"image":{"@id":"https:\/\/www.proteccionred.com\/ca\/producte\/kit-4o-2\/#primaryimage"},"thumbnailUrl":"https:\/\/www.proteccionred.com\/wp-content\/uploads\/2020\/06\/PRINCIPAL-4.jpg","datePublished":"2020-07-03T08:30:44+00:00","dateModified":"2020-07-03T08:39:49+00:00","breadcrumb":{"@id":"https:\/\/www.proteccionred.com\/ca\/producte\/kit-4o-2\/#breadcrumb"},"inLanguage":"ca","potentialAction":[{"@type":"ReadAction","target":["https:\/\/www.proteccionred.com\/ca\/producte\/kit-4o-2\/"]}]},{"@type":"ImageObject","inLanguage":"ca","@id":"https:\/\/www.proteccionred.com\/ca\/producte\/kit-4o-2\/#primaryimage","url":"https:\/\/www.proteccionred.com\/wp-content\/uploads\/2020\/06\/PRINCIPAL-4.jpg","contentUrl":"https:\/\/www.proteccionred.com\/wp-content\/uploads\/2020\/06\/PRINCIPAL-4.jpg","width":793,"height":793},{"@type":"BreadcrumbList","@id":"https:\/\/www.proteccionred.com\/ca\/producte\/kit-4o-2\/#breadcrumb","itemListElement":[{"@type":"ListItem","position":1,"name":"Portada","item":"https:\/\/www.proteccionred.com\/ca\/"},{"@type":"ListItem","position":2,"name":"Tienda","item":"https:\/\/www.proteccionred.com\/tienda\/"},{"@type":"ListItem","position":3,"name":"Kit 4rt"}]},{"@type":"WebSite","@id":"https:\/\/www.proteccionred.com\/#website","url":"https:\/\/www.proteccionred.com\/","name":"Protecci\u00f3n Red","description":"","publisher":{"@id":"https:\/\/www.proteccionred.com\/#organization"},"potentialAction":[{"@type":"SearchAction","target":{"@type":"EntryPoint","urlTemplate":"https:\/\/www.proteccionred.com\/?s={search_term_string}"},"query-input":{"@type":"PropertyValueSpecification","valueRequired":true,"valueName":"search_term_string"}}],"inLanguage":"ca"},{"@type":"Organization","@id":"https:\/\/www.proteccionred.com\/#organization","name":"Protecci\u00f3n Red","url":"https:\/\/www.proteccionred.com\/","logo":{"@type":"ImageObject","inLanguage":"ca","@id":"https:\/\/www.proteccionred.com\/#\/schema\/logo\/image\/","url":"https:\/\/www.proteccionred.com\/wp-content\/uploads\/2020\/05\/cropped-logo-header.png","contentUrl":"https:\/\/www.proteccionred.com\/wp-content\/uploads\/2020\/05\/cropped-logo-header.png","width":307,"height":57,"caption":"Protecci\u00f3n Red"},"image":{"@id":"https:\/\/www.proteccionred.com\/#\/schema\/logo\/image\/"}}]}},"_links":{"self":[{"href":"https:\/\/www.proteccionred.com\/ca\/wp-json\/wp\/v2\/product\/741","targetHints":{"allow":["GET"]}}],"collection":[{"href":"https:\/\/www.proteccionred.com\/ca\/wp-json\/wp\/v2\/product"}],"about":[{"href":"https:\/\/www.proteccionred.com\/ca\/wp-json\/wp\/v2\/types\/product"}],"wp:featuredmedia":[{"embeddable":true,"href":"https:\/\/www.proteccionred.com\/ca\/wp-json\/wp\/v2\/media\/1280"}],"wp:attachment":[{"href":"https:\/\/www.proteccionred.com\/ca\/wp-json\/wp\/v2\/media?parent=741"}],"wp:term":[{"taxonomy":"product_brand","embeddable":true,"href":"https:\/\/www.proteccionred.com\/ca\/wp-json\/wp\/v2\/product_brand?post=741"},{"taxonomy":"product_cat","embeddable":true,"href":"https:\/\/www.proteccionred.com\/ca\/wp-json\/wp\/v2\/product_cat?post=741"},{"taxonomy":"product_tag","embeddable":true,"href":"https:\/\/www.proteccionred.com\/ca\/wp-json\/wp\/v2\/product_tag?post=741"}],"curies":[{"name":"wp","href":"https:\/\/api.w.org\/{rel}","templated":true}]}}