{"id":585,"date":"2020-07-01T15:44:47","date_gmt":"2020-07-01T15:44:47","guid":{"rendered":"https:\/\/www.proteccionred.com\/ajuda\/"},"modified":"2020-07-01T15:45:25","modified_gmt":"2020-07-01T15:45:25","slug":"ajuda","status":"publish","type":"page","link":"https:\/\/www.proteccionred.com\/ca\/ajuda\/","title":{"rendered":"Ajuda"},"content":{"rendered":"\t\t<div data-elementor-type=\"wp-page\" data-elementor-id=\"585\" class=\"elementor elementor-585 elementor-21\" data-elementor-post-type=\"page\">\n\t\t\t\t\t\t<section class=\"elementor-section elementor-top-section elementor-element elementor-element-0f056e5 elementor-section-height-min-height elementor-section-boxed elementor-section-height-default elementor-section-items-middle\" data-id=\"0f056e5\" data-element_type=\"section\" data-settings=\"{&quot;jet_parallax_layout_list&quot;:[{&quot;jet_parallax_layout_image&quot;:{&quot;url&quot;:&quot;&quot;,&quot;id&quot;:&quot;&quot;,&quot;size&quot;:&quot;&quot;},&quot;_id&quot;:&quot;e2ec18b&quot;,&quot;jet_parallax_layout_image_tablet&quot;:{&quot;url&quot;:&quot;&quot;,&quot;id&quot;:&quot;&quot;,&quot;size&quot;:&quot;&quot;},&quot;jet_parallax_layout_image_mobile&quot;:{&quot;url&quot;:&quot;&quot;,&quot;id&quot;:&quot;&quot;,&quot;size&quot;:&quot;&quot;},&quot;jet_parallax_layout_speed&quot;:{&quot;unit&quot;:&quot;%&quot;,&quot;size&quot;:50,&quot;sizes&quot;:[]},&quot;jet_parallax_layout_type&quot;:&quot;scroll&quot;,&quot;jet_parallax_layout_direction&quot;:null,&quot;jet_parallax_layout_fx_direction&quot;:null,&quot;jet_parallax_layout_z_index&quot;:&quot;&quot;,&quot;jet_parallax_layout_bg_x&quot;:50,&quot;jet_parallax_layout_bg_y&quot;:50,&quot;jet_parallax_layout_bg_size&quot;:&quot;auto&quot;,&quot;jet_parallax_layout_animation_prop&quot;:&quot;transform&quot;,&quot;jet_parallax_layout_on&quot;:[&quot;desktop&quot;,&quot;tablet&quot;],&quot;jet_parallax_layout_bg_x_tablet&quot;:&quot;&quot;,&quot;jet_parallax_layout_bg_x_mobile&quot;:&quot;&quot;,&quot;jet_parallax_layout_bg_y_tablet&quot;:&quot;&quot;,&quot;jet_parallax_layout_bg_y_mobile&quot;:&quot;&quot;,&quot;jet_parallax_layout_bg_size_tablet&quot;:&quot;&quot;,&quot;jet_parallax_layout_bg_size_mobile&quot;:&quot;&quot;}],&quot;background_background&quot;:&quot;classic&quot;}\">\n\t\t\t\t\t\t<div class=\"elementor-container elementor-column-gap-default\">\n\t\t\t\t\t<div class=\"elementor-column elementor-col-100 elementor-top-column elementor-element elementor-element-71b7453\" data-id=\"71b7453\" data-element_type=\"column\">\n\t\t\t<div class=\"elementor-widget-wrap\">\n\t\t\t\t\t\t\t<\/div>\n\t\t<\/div>\n\t\t\t\t\t<\/div>\n\t\t<\/section>\n\t\t\t\t<section class=\"elementor-section elementor-top-section elementor-element elementor-element-b392206 elementor-section-boxed elementor-section-height-default elementor-section-height-default\" data-id=\"b392206\" data-element_type=\"section\" data-settings=\"{&quot;jet_parallax_layout_list&quot;:[{&quot;jet_parallax_layout_image&quot;:{&quot;url&quot;:&quot;&quot;,&quot;id&quot;:&quot;&quot;,&quot;size&quot;:&quot;&quot;},&quot;_id&quot;:&quot;f3eebcd&quot;,&quot;jet_parallax_layout_image_tablet&quot;:{&quot;url&quot;:&quot;&quot;,&quot;id&quot;:&quot;&quot;,&quot;size&quot;:&quot;&quot;},&quot;jet_parallax_layout_image_mobile&quot;:{&quot;url&quot;:&quot;&quot;,&quot;id&quot;:&quot;&quot;,&quot;size&quot;:&quot;&quot;},&quot;jet_parallax_layout_speed&quot;:{&quot;unit&quot;:&quot;%&quot;,&quot;size&quot;:50,&quot;sizes&quot;:[]},&quot;jet_parallax_layout_type&quot;:&quot;scroll&quot;,&quot;jet_parallax_layout_direction&quot;:null,&quot;jet_parallax_layout_fx_direction&quot;:null,&quot;jet_parallax_layout_z_index&quot;:&quot;&quot;,&quot;jet_parallax_layout_bg_x&quot;:50,&quot;jet_parallax_layout_bg_y&quot;:50,&quot;jet_parallax_layout_bg_size&quot;:&quot;auto&quot;,&quot;jet_parallax_layout_animation_prop&quot;:&quot;transform&quot;,&quot;jet_parallax_layout_on&quot;:[&quot;desktop&quot;,&quot;tablet&quot;],&quot;jet_parallax_layout_bg_x_tablet&quot;:&quot;&quot;,&quot;jet_parallax_layout_bg_x_mobile&quot;:&quot;&quot;,&quot;jet_parallax_layout_bg_y_tablet&quot;:&quot;&quot;,&quot;jet_parallax_layout_bg_y_mobile&quot;:&quot;&quot;,&quot;jet_parallax_layout_bg_size_tablet&quot;:&quot;&quot;,&quot;jet_parallax_layout_bg_size_mobile&quot;:&quot;&quot;}]}\">\n\t\t\t\t\t\t<div class=\"elementor-container elementor-column-gap-default\">\n\t\t\t\t\t<div class=\"elementor-column elementor-col-50 elementor-top-column elementor-element elementor-element-04fe468\" data-id=\"04fe468\" data-element_type=\"column\">\n\t\t\t<div class=\"elementor-widget-wrap elementor-element-populated\">\n\t\t\t\t\t\t<div class=\"elementor-element elementor-element-174ce37 elementor-widget elementor-widget-heading\" data-id=\"174ce37\" data-element_type=\"widget\" data-widget_type=\"heading.default\">\n\t\t\t\t<div class=\"elementor-widget-container\">\n\t\t\t\t\t<h2 class=\"elementor-heading-title elementor-size-default\">Parlem?<\/h2>\t\t\t\t<\/div>\n\t\t\t\t<\/div>\n\t\t\t\t<div class=\"elementor-element elementor-element-6ee3055 elementor-widget elementor-widget-text-editor\" data-id=\"6ee3055\" data-element_type=\"widget\" data-widget_type=\"text-editor.default\">\n\t\t\t\t<div class=\"elementor-widget-container\">\n\t\t\t\t\t\t\t\t\t<p>Gr\u00e0cies per haver visitat la nostra p\u00e0gina. Estem il\u00b7lusionats de poder-te con\u00e8ixer i poder fer de la teva llar, el lloc segur que necessites. Escriu-nos a trav\u00e9s d&#8217;aquest formulari o posa&#8217;t en contacte per a qualsevol dels nostres canals. Estarem encantats de resoldre totes les teves inquietuds en la menor brevetat possible.<\/p>\n\t\t\t\t\t\t\t\t<\/div>\n\t\t\t\t<\/div>\n\t\t\t\t<div class=\"elementor-element elementor-element-f360e27 elementor-widget elementor-widget-text-editor\" data-id=\"f360e27\" data-element_type=\"widget\" data-widget_type=\"text-editor.default\">\n\t\t\t\t<div class=\"elementor-widget-container\">\n\t\t\t\t\t\t\t\t\t<p>Carrer de Rabassa, 49-51,<br \/>Barcelona 08024<\/p>\n<p><strong>T.<\/strong> <a style=\"color: #000;\" href=\"tel:678048408\">(+34) 678 04 84 08<\/a><br \/><strong>Horari:<\/strong> de 9:00h a 17:00h<\/p>\n\t\t\t\t\t\t\t\t<\/div>\n\t\t\t\t<\/div>\n\t\t\t\t\t<\/div>\n\t\t<\/div>\n\t\t\t\t<div class=\"elementor-column elementor-col-50 elementor-top-column elementor-element elementor-element-a846c0b\" data-id=\"a846c0b\" data-element_type=\"column\">\n\t\t\t<div class=\"elementor-widget-wrap elementor-element-populated\">\n\t\t\t\t\t\t<div class=\"elementor-element elementor-element-34e0d1e elementor-widget elementor-widget-tp-contact-form-7\" data-id=\"34e0d1e\" data-element_type=\"widget\" data-widget_type=\"tp-contact-form-7.default\">\n\t\t\t\t<div class=\"elementor-widget-container\">\n\t\t\t\t\t<div class=\"theplus-contact-form plus-cf7-label  text-center    after \" ><p class=\"wpcf7-contact-form-not-found\"><strong>Error:<\/strong> No s&#039;ha trobat el formulari de contacte.<\/p><\/div>\t\t\t\t<\/div>\n\t\t\t\t<\/div>\n\t\t\t\t\t<\/div>\n\t\t<\/div>\n\t\t\t\t\t<\/div>\n\t\t<\/section>\n\t\t\t\t<\/div>\n\t\t","protected":false},"excerpt":{"rendered":"<p>Parlem? Gr\u00e0cies per haver visitat la nostra p\u00e0gina. Estem il\u00b7lusionats de poder-te con\u00e8ixer i poder fer de la teva llar, el lloc segur que necessites. Escriu-nos a trav\u00e9s d&#8217;aquest formulari o posa&#8217;t en contacte per a qualsevol dels nostres canals. Estarem encantats de resoldre totes les teves inquietuds en la menor brevetat possible. Carrer de [&hellip;]<\/p>\n","protected":false},"author":3,"featured_media":0,"parent":0,"menu_order":0,"comment_status":"closed","ping_status":"closed","template":"","meta":{"site-sidebar-layout":"no-sidebar","site-content-layout":"page-builder","ast-site-content-layout":"default","site-content-style":"default","site-sidebar-style":"default","ast-global-header-display":"","ast-banner-title-visibility":"","ast-main-header-display":"","ast-hfb-above-header-display":"","ast-hfb-below-header-display":"","ast-hfb-mobile-header-display":"","site-post-title":"disabled","ast-breadcrumbs-content":"","ast-featured-img":"disabled","footer-sml-layout":"","theme-transparent-header-meta":"default","adv-header-id-meta":"","stick-header-meta":"","header-above-stick-meta":"","header-main-stick-meta":"","header-below-stick-meta":"","astra-migrate-meta-layouts":"default","ast-page-background-enabled":"default","ast-page-background-meta":{"desktop":{"background-color":"","background-image":"","background-repeat":"repeat","background-position":"center center","background-size":"auto","background-attachment":"scroll","background-type":"","background-media":"","overlay-type":"","overlay-color":"","overlay-opacity":"","overlay-gradient":""},"tablet":{"background-color":"","background-image":"","background-repeat":"repeat","background-position":"center center","background-size":"auto","background-attachment":"scroll","background-type":"","background-media":"","overlay-type":"","overlay-color":"","overlay-opacity":"","overlay-gradient":""},"mobile":{"background-color":"","background-image":"","background-repeat":"repeat","background-position":"center center","background-size":"auto","background-attachment":"scroll","background-type":"","background-media":"","overlay-type":"","overlay-color":"","overlay-opacity":"","overlay-gradient":""}},"ast-content-background-meta":{"desktop":{"background-color":"var(--ast-global-color-5)","background-image":"","background-repeat":"repeat","background-position":"center center","background-size":"auto","background-attachment":"scroll","background-type":"","background-media":"","overlay-type":"","overlay-color":"","overlay-opacity":"","overlay-gradient":""},"tablet":{"background-color":"var(--ast-global-color-5)","background-image":"","background-repeat":"repeat","background-position":"center center","background-size":"auto","background-attachment":"scroll","background-type":"","background-media":"","overlay-type":"","overlay-color":"","overlay-opacity":"","overlay-gradient":""},"mobile":{"background-color":"var(--ast-global-color-5)","background-image":"","background-repeat":"repeat","background-position":"center center","background-size":"auto","background-attachment":"scroll","background-type":"","background-media":"","overlay-type":"","overlay-color":"","overlay-opacity":"","overlay-gradient":""}},"_joinchat":[],"footnotes":""},"class_list":["post-585","page","type-page","status-publish","hentry"],"yoast_head":"<!-- This site is optimized with the Yoast SEO plugin v25.9 - https:\/\/yoast.com\/wordpress\/plugins\/seo\/ -->\n<title>Ajuda - Protecci\u00f3n Red<\/title>\n<meta name=\"robots\" content=\"index, follow, max-snippet:-1, max-image-preview:large, max-video-preview:-1\" \/>\n<link rel=\"canonical\" href=\"https:\/\/www.proteccionred.com\/ca\/ajuda\/\" \/>\n<meta property=\"og:locale\" content=\"ca_ES\" \/>\n<meta property=\"og:type\" content=\"article\" \/>\n<meta property=\"og:title\" content=\"Ajuda - Protecci\u00f3n Red\" \/>\n<meta property=\"og:description\" content=\"Parlem? Gr\u00e0cies per haver visitat la nostra p\u00e0gina. Estem il\u00b7lusionats de poder-te con\u00e8ixer i poder fer de la teva llar, el lloc segur que necessites. Escriu-nos a trav\u00e9s d&#8217;aquest formulari o posa&#8217;t en contacte per a qualsevol dels nostres canals. Estarem encantats de resoldre totes les teves inquietuds en la menor brevetat possible. Carrer de [&hellip;]\" \/>\n<meta property=\"og:url\" content=\"https:\/\/www.proteccionred.com\/ca\/ajuda\/\" \/>\n<meta property=\"og:site_name\" content=\"Protecci\u00f3n Red\" \/>\n<meta property=\"article:modified_time\" content=\"2020-07-01T15:45:25+00:00\" \/>\n<meta name=\"twitter:card\" content=\"summary_large_image\" \/>\n<script type=\"application\/ld+json\" class=\"yoast-schema-graph\">{\"@context\":\"https:\/\/schema.org\",\"@graph\":[{\"@type\":\"WebPage\",\"@id\":\"https:\/\/www.proteccionred.com\/ca\/ajuda\/\",\"url\":\"https:\/\/www.proteccionred.com\/ca\/ajuda\/\",\"name\":\"Ajuda - Protecci\u00f3n Red\",\"isPartOf\":{\"@id\":\"https:\/\/www.proteccionred.com\/#website\"},\"datePublished\":\"2020-07-01T15:44:47+00:00\",\"dateModified\":\"2020-07-01T15:45:25+00:00\",\"breadcrumb\":{\"@id\":\"https:\/\/www.proteccionred.com\/ca\/ajuda\/#breadcrumb\"},\"inLanguage\":\"ca\",\"potentialAction\":[{\"@type\":\"ReadAction\",\"target\":[\"https:\/\/www.proteccionred.com\/ca\/ajuda\/\"]}]},{\"@type\":\"BreadcrumbList\",\"@id\":\"https:\/\/www.proteccionred.com\/ca\/ajuda\/#breadcrumb\",\"itemListElement\":[{\"@type\":\"ListItem\",\"position\":1,\"name\":\"Portada\",\"item\":\"https:\/\/www.proteccionred.com\/ca\/\"},{\"@type\":\"ListItem\",\"position\":2,\"name\":\"Ajuda\"}]},{\"@type\":\"WebSite\",\"@id\":\"https:\/\/www.proteccionred.com\/#website\",\"url\":\"https:\/\/www.proteccionred.com\/\",\"name\":\"Protecci\u00f3n Red\",\"description\":\"\",\"publisher\":{\"@id\":\"https:\/\/www.proteccionred.com\/#organization\"},\"potentialAction\":[{\"@type\":\"SearchAction\",\"target\":{\"@type\":\"EntryPoint\",\"urlTemplate\":\"https:\/\/www.proteccionred.com\/?s={search_term_string}\"},\"query-input\":{\"@type\":\"PropertyValueSpecification\",\"valueRequired\":true,\"valueName\":\"search_term_string\"}}],\"inLanguage\":\"ca\"},{\"@type\":\"Organization\",\"@id\":\"https:\/\/www.proteccionred.com\/#organization\",\"name\":\"Protecci\u00f3n Red\",\"url\":\"https:\/\/www.proteccionred.com\/\",\"logo\":{\"@type\":\"ImageObject\",\"inLanguage\":\"ca\",\"@id\":\"https:\/\/www.proteccionred.com\/#\/schema\/logo\/image\/\",\"url\":\"https:\/\/www.proteccionred.com\/wp-content\/uploads\/2020\/05\/cropped-logo-header.png\",\"contentUrl\":\"https:\/\/www.proteccionred.com\/wp-content\/uploads\/2020\/05\/cropped-logo-header.png\",\"width\":307,\"height\":57,\"caption\":\"Protecci\u00f3n Red\"},\"image\":{\"@id\":\"https:\/\/www.proteccionred.com\/#\/schema\/logo\/image\/\"}}]}<\/script>\n<!-- \/ Yoast SEO plugin. -->","yoast_head_json":{"title":"Ajuda - Protecci\u00f3n Red","robots":{"index":"index","follow":"follow","max-snippet":"max-snippet:-1","max-image-preview":"max-image-preview:large","max-video-preview":"max-video-preview:-1"},"canonical":"https:\/\/www.proteccionred.com\/ca\/ajuda\/","og_locale":"ca_ES","og_type":"article","og_title":"Ajuda - Protecci\u00f3n Red","og_description":"Parlem? Gr\u00e0cies per haver visitat la nostra p\u00e0gina. Estem il\u00b7lusionats de poder-te con\u00e8ixer i poder fer de la teva llar, el lloc segur que necessites. Escriu-nos a trav\u00e9s d&#8217;aquest formulari o posa&#8217;t en contacte per a qualsevol dels nostres canals. Estarem encantats de resoldre totes les teves inquietuds en la menor brevetat possible. Carrer de [&hellip;]","og_url":"https:\/\/www.proteccionred.com\/ca\/ajuda\/","og_site_name":"Protecci\u00f3n Red","article_modified_time":"2020-07-01T15:45:25+00:00","twitter_card":"summary_large_image","schema":{"@context":"https:\/\/schema.org","@graph":[{"@type":"WebPage","@id":"https:\/\/www.proteccionred.com\/ca\/ajuda\/","url":"https:\/\/www.proteccionred.com\/ca\/ajuda\/","name":"Ajuda - Protecci\u00f3n Red","isPartOf":{"@id":"https:\/\/www.proteccionred.com\/#website"},"datePublished":"2020-07-01T15:44:47+00:00","dateModified":"2020-07-01T15:45:25+00:00","breadcrumb":{"@id":"https:\/\/www.proteccionred.com\/ca\/ajuda\/#breadcrumb"},"inLanguage":"ca","potentialAction":[{"@type":"ReadAction","target":["https:\/\/www.proteccionred.com\/ca\/ajuda\/"]}]},{"@type":"BreadcrumbList","@id":"https:\/\/www.proteccionred.com\/ca\/ajuda\/#breadcrumb","itemListElement":[{"@type":"ListItem","position":1,"name":"Portada","item":"https:\/\/www.proteccionred.com\/ca\/"},{"@type":"ListItem","position":2,"name":"Ajuda"}]},{"@type":"WebSite","@id":"https:\/\/www.proteccionred.com\/#website","url":"https:\/\/www.proteccionred.com\/","name":"Protecci\u00f3n Red","description":"","publisher":{"@id":"https:\/\/www.proteccionred.com\/#organization"},"potentialAction":[{"@type":"SearchAction","target":{"@type":"EntryPoint","urlTemplate":"https:\/\/www.proteccionred.com\/?s={search_term_string}"},"query-input":{"@type":"PropertyValueSpecification","valueRequired":true,"valueName":"search_term_string"}}],"inLanguage":"ca"},{"@type":"Organization","@id":"https:\/\/www.proteccionred.com\/#organization","name":"Protecci\u00f3n Red","url":"https:\/\/www.proteccionred.com\/","logo":{"@type":"ImageObject","inLanguage":"ca","@id":"https:\/\/www.proteccionred.com\/#\/schema\/logo\/image\/","url":"https:\/\/www.proteccionred.com\/wp-content\/uploads\/2020\/05\/cropped-logo-header.png","contentUrl":"https:\/\/www.proteccionred.com\/wp-content\/uploads\/2020\/05\/cropped-logo-header.png","width":307,"height":57,"caption":"Protecci\u00f3n Red"},"image":{"@id":"https:\/\/www.proteccionred.com\/#\/schema\/logo\/image\/"}}]}},"_links":{"self":[{"href":"https:\/\/www.proteccionred.com\/ca\/wp-json\/wp\/v2\/pages\/585","targetHints":{"allow":["GET"]}}],"collection":[{"href":"https:\/\/www.proteccionred.com\/ca\/wp-json\/wp\/v2\/pages"}],"about":[{"href":"https:\/\/www.proteccionred.com\/ca\/wp-json\/wp\/v2\/types\/page"}],"author":[{"embeddable":true,"href":"https:\/\/www.proteccionred.com\/ca\/wp-json\/wp\/v2\/users\/3"}],"replies":[{"embeddable":true,"href":"https:\/\/www.proteccionred.com\/ca\/wp-json\/wp\/v2\/comments?post=585"}],"version-history":[{"count":5,"href":"https:\/\/www.proteccionred.com\/ca\/wp-json\/wp\/v2\/pages\/585\/revisions"}],"predecessor-version":[{"id":592,"href":"https:\/\/www.proteccionred.com\/ca\/wp-json\/wp\/v2\/pages\/585\/revisions\/592"}],"wp:attachment":[{"href":"https:\/\/www.proteccionred.com\/ca\/wp-json\/wp\/v2\/media?parent=585"}],"curies":[{"name":"wp","href":"https:\/\/api.w.org\/{rel}","templated":true}]}}